{"id":7469,"date":"2019-06-25T16:42:57","date_gmt":"2019-06-25T14:42:57","guid":{"rendered":"https:\/\/dock-2.de\/impressum\/"},"modified":"2021-09-20T09:34:22","modified_gmt":"2021-09-20T07:34:22","slug":"imprint","status":"publish","type":"page","link":"https:\/\/dock-2.de\/en\/imprint\/","title":{"rendered":"Imprint"},"content":{"rendered":"<div id='av_section_1'  class='avia-section av-77gw-bb43a84eff2bc873e90b310f957d7b85 main_color avia-section-default avia-no-border-styling  avia-builder-el-0  el_before_av_section  avia-builder-el-first  avia-bg-style-scroll  container_wrap fullsize'  ><div class='container av-section-cont-open' ><main  role=\"main\" itemprop=\"mainContentOfPage\"  class='template-page content  av-content-full alpha units'><div class='post-entry post-entry-type-page post-entry-7469'><div class='entry-content-wrapper clearfix'>\n\n<style type=\"text\/css\" id=\"style-css-av-jxahjevi-a30dad2b99e0ea3a9eb126452ea5d98c\">\n.hr.av-jxahjevi-a30dad2b99e0ea3a9eb126452ea5d98c{\nheight:50px;\n}\n<\/style>\n<div  class='hr av-jxahjevi-a30dad2b99e0ea3a9eb126452ea5d98c hr-invisible  avia-builder-el-1  el_before_av_heading  avia-builder-el-first   av-mini-hide'><span class='hr-inner '><span class=\"hr-inner-style\"><\/span><\/span><\/div>\n\n<style type=\"text\/css\" id=\"style-css-av-aufrt-be55d7fbe6606858baa78e8909444b10\">\n.av-special-heading.av-aufrt-be55d7fbe6606858baa78e8909444b10{\npadding-bottom:10px;\nfont-size:18px;\n}\n<\/style>\n<div  class='av-special-heading av-aufrt-be55d7fbe6606858baa78e8909444b10 av-special-heading-h1 blockquote modern-quote  avia-builder-el-2  el_after_av_hr  el_before_av_textblock  av-inherit-size av-linked-heading '><h1 class='av-special-heading-tag '  itemprop=\"headline\"  >Imprint<\/h1><div class='special-heading-border'><div class='special-heading-inner-border'><\/div><\/div><\/div>\n<section class=\"av_textblock_section \"  itemscope=\"itemscope\" itemtype=\"https:\/\/schema.org\/CreativeWork\" ><div class='avia_textblock  av_inherit_color '  style='font-size:32px; color:#000000; '  itemprop=\"text\" ><p>As a service for guests on our website we presents basic information in English. The imprint listed in German below is legally binding.<\/p>\n<p><strong>ANGABEN GEM\u00c4SS \u00a7 5 TMG<\/strong><br \/>\nLIGHT EVENT VERANSTALTUNGSTECHNIK GMBH<br \/>\nPiccoloministra\u00dfe 6<br \/>\n51063 K\u00f6ln<\/p>\n<p><strong>VERTRETEN DURCH:<\/strong><br \/>\nKlaus Schmitt<\/p>\n<p><strong>KONTAKT:<\/strong><br \/>\nTelefon: +49 (0)221 \u2013 964766 \u2013 0<br \/>\nTelefax: +49 (0)221 \u2013 964766 \u2013 18<br \/>\nE-Mail: <a href=\"mailto:info@light-event.de\">info@light-event.de<\/a><\/p>\n<p><strong>REGISTEREINTRAG:<\/strong><br \/>\nEintragung im Handelsregister.<br \/>\nRegistergericht:K\u00f6ln<br \/>\nRegisternummer: 36026<\/p>\n<p><strong>UMSATZSTEUER:<\/strong><br \/>\nUmsatzsteuer-Identifikationsnummer gem\u00e4\u00df \u00a727 a Umsatzsteuergesetz:<br \/>\nDE256192752<\/p>\n<p><strong>ANGABEN ZUR BERUFSHAFTPFLICHTVERSICHERUNG<\/strong><br \/>\nName und Sitz des Versicherers:<br \/>\nVerwaltungs-Berufsgenossenschaft (VBG)<br \/>\ngesetzliche Unfallversicherung<br \/>\nbundesunmittelbare K\u00f6rperschaft des \u00f6ffentlichen Rechts<br \/>\nMassaquoipassage 1<br \/>\n22305 Hamburg<br \/>\nGeltungsraum der Versicherung: Deutschland<\/p>\n<p><strong>STREITSCHLICHTUNG<\/strong><br \/>\nWir sind nicht bereit oder verpflichtet, an Streitbeilegungsverfahren vor einer Verbraucherschlichtungsstelle teilzunehmen.<\/p>\n<p><strong>HAFTUNG F\u00dcR INHALTE<\/strong><br \/>\nAls Diensteanbieter sind wir gem\u00e4\u00df \u00a7 7 Abs.1 TMG f\u00fcr eigene Inhalte auf diesen Seiten nach den allgemeinen Gesetzen verantwortlich. Nach \u00a7\u00a7 8 bis 10 TMG sind wir als Diensteanbieter jedoch nicht verpflichtet, \u00fcbermittelte oder gespeicherte fremde Informationen zu \u00fcberwachen oder nach Umst\u00e4nden zu forschen, die auf eine rechtswidrige T\u00e4tigkeit hinweisen.<br \/>\nVerpflichtungen zur Entfernung oder Sperrung der Nutzung von Informationen nach den allgemeinen Gesetzen bleiben hiervon unber\u00fchrt. Eine diesbez\u00fcgliche Haftung ist jedoch erst ab dem Zeitpunkt der Kenntnis einer konkreten Rechtsverletzung m\u00f6glich. Bei Bekanntwerden von entsprechenden Rechtsverletzungen werden wir diese Inhalte umgehend entfernen.<\/p>\n<p><strong>HAFTUNG F\u00dcR LINKS<\/strong><br \/>\nUnser Angebot enth\u00e4lt Links zu externen Websites Dritter, auf deren Inhalte wir keinen Einfluss haben. Deshalb k\u00f6nnen wir f\u00fcr diese fremden Inhalte auch keine Gew\u00e4hr \u00fcbernehmen. F\u00fcr die Inhalte der verlinkten Seiten ist stets der jeweilige Anbieter oder Betreiber der Seiten verantwortlich. Die verlinkten Seiten wurden zum Zeitpunkt der Verlinkung auf m\u00f6gliche Rechtsverst\u00f6\u00dfe \u00fcberpr\u00fcft. Rechtswidrige Inhalte waren zum Zeitpunkt der Verlinkung nicht erkennbar.<br \/>\nEine permanente inhaltliche Kontrolle der verlinkten Seiten ist jedoch ohne konkrete Anhaltspunkte einer Rechtsverletzung nicht zumutbar. Bei Bekanntwerden von Rechtsverletzungen werden wir derartige Links umgehend entfernen.<\/p>\n<p><strong>URHEBERRECHT<\/strong><br \/>\nDie durch die Seitenbetreiber erstellten Inhalte und Werke auf diesen Seiten unterliegen dem deutschen Urheberrecht. Die Vervielf\u00e4ltigung, Bearbeitung, Verbreitung und jede Art der Verwertung au\u00dferhalb der Grenzen des Urheberrechtes bed\u00fcrfen der schriftlichen Zustimmung des jeweiligen Autors bzw. Erstellers. Downloads und Kopien dieser Seite sind nur f\u00fcr den privaten, nicht kommerziellen Gebrauch gestattet.<br \/>\nSoweit die Inhalte auf dieser Seite nicht vom Betreiber erstellt wurden, werden die Urheberrechte Dritter beachtet. Insbesondere werden Inhalte Dritter als solche gekennzeichnet. Sollten Sie trotzdem auf eine Urheberrechtsverletzung aufmerksam werden, bitten wir um einen entsprechenden Hinweis. Bei Bekanntwerden von Rechtsverletzungen werden wir derartige Inhalte umgehend entfernen.<\/p>\n<p><strong>KONZEPT &amp; DESIGN<\/strong><br \/>\nopensmjle. visual storytelling agency<br \/>\n<a href=\"https:\/\/www.opensmjle.com\/de\/\" target=\"_blank\" rel=\"noopener\">www.opensmjle.com<\/a><\/p>\n<p><strong>HAFTUNGSHINWEIS<\/strong><br \/>\nMit dem Folgen dieser Links akzeptieren Sie unseren Rechtsstandpunkt wie dargelegt.\u2028 Alle Warenzeichen auf dieser Webseite stehen im Eigentum der jeweiligen Firmen, bzw. Rechteinhaber. F\u00fcr Aussagen und Inhalte unserer Gesch\u00e4ftspartner \u00fcbernehmen wir keine Haftung.<br \/>\nCopyright 1998 \u2013 2016: Light Event Veranstaltungstechnik GmbH<\/p>\n<p>Bitte beachten Sie auch die Hinweise zum <a href=\"https:\/\/dock-2.de\/datenschutzerklaerung\/\">Datenschutz<\/a>.<\/p>\n<\/div><\/section>\n\n<style type=\"text\/css\" id=\"style-css-av-jxahjevi-a30dad2b99e0ea3a9eb126452ea5d98c\">\n.hr.av-jxahjevi-a30dad2b99e0ea3a9eb126452ea5d98c{\nheight:50px;\n}\n<\/style>\n<div  class='hr av-jxahjevi-a30dad2b99e0ea3a9eb126452ea5d98c hr-invisible  avia-builder-el-4  el_after_av_textblock  avia-builder-el-last   av-mini-hide'><span class='hr-inner '><span class=\"hr-inner-style\"><\/span><\/span><\/div>\n\n<\/div><\/div><\/main><!-- close content main element --><\/div><\/div>\n<style type=\"text\/css\" id=\"style-css-av-uzkwst-5a0490865e0a16f53ff5aecdd07d3bcf\">\n.avia-section.av-uzkwst-5a0490865e0a16f53ff5aecdd07d3bcf{\nbackground-color:#7f7f7f;\n}\n<\/style>\n<div id='av_section_2'  class='avia-section av-uzkwst-5a0490865e0a16f53ff5aecdd07d3bcf main_color avia-section-default avia-no-border-styling  avia-builder-el-5  el_after_av_section  el_before_av_section  avia-bg-style-scroll  av-minimum-height av-minimum-height-75  container_wrap fullsize'   data-av_minimum_height_pc='75'><div class='container av-section-cont-open' ><div class='template-page content  av-content-full alpha units'><div class='post-entry post-entry-type-page post-entry-7469'><div class='entry-content-wrapper clearfix'>\n\n<style type=\"text\/css\" id=\"style-css-av-2z3m25-2f7ad7b86b014ae0646a548ade39e041\">\n.hr.av-2z3m25-2f7ad7b86b014ae0646a548ade39e041{\nheight:50px;\n}\n<\/style>\n<div  class='hr av-2z3m25-2f7ad7b86b014ae0646a548ade39e041 hr-invisible  avia-builder-el-6  el_before_av_one_fourth  avia-builder-el-first   av-mini-hide'><span class='hr-inner '><span class=\"hr-inner-style\"><\/span><\/span><\/div>\n\n<style type=\"text\/css\" id=\"style-css-av-9ndrh-61a5b3dba212940fe0d17af1d6b18d9f\">\n#top .flex_column.av-9ndrh-61a5b3dba212940fe0d17af1d6b18d9f{\nborder-radius:0px;\n-webkit-border-radius:0px;\n-moz-border-radius:0px;\npadding:0px;\n}\n<\/style>\n<div class='flex_column av-9ndrh-61a5b3dba212940fe0d17af1d6b18d9f av_one_fourth  avia-builder-el-7  el_after_av_hr  el_before_av_one_half  first flex_column_div av-zero-column-padding '   ><\/div>\n<style type=\"text\/css\" id=\"style-css-av-pbsnv1-0c8f2cbc14ea4fcbe7c1402569f244bb\">\n#top .flex_column.av-pbsnv1-0c8f2cbc14ea4fcbe7c1402569f244bb{\nborder-radius:0px;\n-webkit-border-radius:0px;\n-moz-border-radius:0px;\npadding:0px;\n}\n<\/style>\n<div class='flex_column av-pbsnv1-0c8f2cbc14ea4fcbe7c1402569f244bb av_one_half  avia-builder-el-8  el_after_av_one_fourth  el_before_av_one_fourth  flex_column_div av-zero-column-padding '   ><p>\n<style type=\"text\/css\" id=\"style-css-av-oimmxp-13e256ac7fb0d60b48723ef3e9a89a9a\">\n.av-special-heading.av-oimmxp-13e256ac7fb0d60b48723ef3e9a89a9a{\npadding-bottom:25px;\ncolor:#ffffff;\nfont-size:18px;\n}\n.av-special-heading.av-oimmxp-13e256ac7fb0d60b48723ef3e9a89a9a .special-heading-inner-border{\nborder-color:#ffffff;\n}\n<\/style>\n<div  class='av-special-heading av-oimmxp-13e256ac7fb0d60b48723ef3e9a89a9a av-special-heading-h3 custom-color-heading blockquote modern-quote  avia-builder-el-9  el_before_av_codeblock  avia-builder-el-first  av-inherit-size '><h3 class='av-special-heading-tag '  itemprop=\"headline\"  >Enquire about an event now!<\/h3><div class='special-heading-border'><div class='special-heading-inner-border'><\/div><\/div><\/div><br \/>\n<\/p><\/div>\n<style type=\"text\/css\" id=\"style-css-av-kyf5j1-c927f854399a2bd8f8dfe7978834af05\">\n#top .flex_column.av-kyf5j1-c927f854399a2bd8f8dfe7978834af05{\nborder-radius:0px;\n-webkit-border-radius:0px;\n-moz-border-radius:0px;\npadding:0px;\n}\n<\/style>\n<div class='flex_column av-kyf5j1-c927f854399a2bd8f8dfe7978834af05 av_one_fourth  avia-builder-el-11  el_after_av_one_half  el_before_av_hr  flex_column_div av-zero-column-padding '   ><\/div>\n<style type=\"text\/css\" id=\"style-css-av-j614gd-06fac9e8371de77f4cf81728fa6a521e\">\n.hr.av-j614gd-06fac9e8371de77f4cf81728fa6a521e{\nheight:50px;\n}\n<\/style>\n<div  class='hr av-j614gd-06fac9e8371de77f4cf81728fa6a521e hr-invisible  avia-builder-el-12  el_after_av_one_fourth  avia-builder-el-last   av-mini-hide'><span class='hr-inner '><span class=\"hr-inner-style\"><\/span><\/span><\/div>\n<\/div><\/div><\/div><!-- close content main div --><\/div><\/div><div id='av_section_3'  class='avia-section av-gvuvjh-3d23a6985fd9be9aaacb3c2765319acc main_color avia-section-default avia-no-border-styling  avia-builder-el-13  el_after_av_section  avia-builder-el-last  avia-bg-style-scroll  av-minimum-height av-minimum-height-75  container_wrap fullsize'   data-av_minimum_height_pc='75'><div class='container av-section-cont-open' ><div class='template-page content  av-content-full alpha units'><div class='post-entry post-entry-type-page post-entry-7469'><div class='entry-content-wrapper clearfix'>\n\n<style type=\"text\/css\" id=\"style-css-av-f4y01p-782e6578a7cc52c13dfd7c1e510c6861\">\n.hr.av-f4y01p-782e6578a7cc52c13dfd7c1e510c6861{\nheight:50px;\n}\n<\/style>\n<div  class='hr av-f4y01p-782e6578a7cc52c13dfd7c1e510c6861 hr-invisible  avia-builder-el-14  el_before_av_one_full  avia-builder-el-first   av-mini-hide'><span class='hr-inner '><span class=\"hr-inner-style\"><\/span><\/span><\/div>\n\n<style type=\"text\/css\" id=\"style-css-av-egkxz1-9df8a81fa54b2a90cb4dbce6c1e73d47\">\n#top .flex_column.av-egkxz1-9df8a81fa54b2a90cb4dbce6c1e73d47{\nborder-radius:0px;\n-webkit-border-radius:0px;\n-moz-border-radius:0px;\npadding:0px;\n}\n<\/style>\n<div class='flex_column av-egkxz1-9df8a81fa54b2a90cb4dbce6c1e73d47 av_one_full  avia-builder-el-15  el_after_av_hr  el_before_av_one_half  first flex_column_div av-zero-column-padding '   ><style type=\"text\/css\" id=\"style-css-av-csuqkd-48a296b65c3c8ea2e747b197ce6f1e18\">\n.av-special-heading.av-csuqkd-48a296b65c3c8ea2e747b197ce6f1e18{\npadding-bottom:25px;\nfont-size:18px;\n}\n<\/style>\n<div  class='av-special-heading av-csuqkd-48a296b65c3c8ea2e747b197ce6f1e18 av-special-heading-h3 custom-color-heading blockquote modern-quote  avia-builder-el-16  avia-builder-el-no-sibling  av-inherit-size '><h3 class='av-special-heading-tag '  itemprop=\"headline\"  >Reach us here! <\/h3><div class='special-heading-border'><div class='special-heading-inner-border'><\/div><\/div><\/div><\/div>\n<style type=\"text\/css\" id=\"style-css-av-as7fbx-3a9cba056ebc885eff74c1d29943b14b\">\n#top .flex_column.av-as7fbx-3a9cba056ebc885eff74c1d29943b14b{\nborder-radius:0px;\n-webkit-border-radius:0px;\n-moz-border-radius:0px;\npadding:0px;\n}\n<\/style>\n<div class='flex_column av-as7fbx-3a9cba056ebc885eff74c1d29943b14b av_one_half  avia-builder-el-17  el_after_av_one_full  el_before_av_one_half  first flex_column_div av-zero-column-padding column-top-margin'   ><p>\n<style type=\"text\/css\" id=\"style-css-av-92322l-2afbc04ba66a73292b0dae9b3905876c\">\n.avia-image-container.av-92322l-2afbc04ba66a73292b0dae9b3905876c .av-image-caption-overlay-center{\ncolor:#ffffff;\n}\n<\/style>\n<div  class='avia-image-container av-92322l-2afbc04ba66a73292b0dae9b3905876c av-styling- avia-align-center  avia-builder-el-18  el_before_av_hr  avia-builder-el-first  '  itemprop=\"image\" itemscope=\"itemscope\" itemtype=\"https:\/\/schema.org\/ImageObject\" ><div class=\"avia-image-container-inner\"><div class=\"avia-image-overlay-wrap\"><a href=\"https:\/\/www.google.de\/maps\/dir\/\/Hafenstra%C3%9Fe+1,+M%C3%BClheim+51063+K%C3%B6ln\/@50.9559405,6.9905764,17.75z\/data=!4m9!4m8!1m0!1m5!1m1!1s0x47bf25e5dac1c597:0x4551f66300a109e!2m2!1d6.9900289!2d50.9553378!3e0\" class='avia_image' target=\"_blank\" rel=\"noopener noreferrer\"><img decoding=\"async\" width=\"1030\" height=\"631\" class='wp-image-7284 avia-img-lazy-loading-not-7284 avia_image' src=\"https:\/\/dock-2.de\/wp-content\/uploads\/2021\/08\/Karte-Dock2-1030x631.png\" alt='' title='Karte Dock2'  itemprop=\"thumbnailUrl\" srcset=\"https:\/\/dock-2.de\/wp-content\/uploads\/2021\/08\/Karte-Dock2-1030x631.png 1030w, https:\/\/dock-2.de\/wp-content\/uploads\/2021\/08\/Karte-Dock2-300x184.png 300w, https:\/\/dock-2.de\/wp-content\/uploads\/2021\/08\/Karte-Dock2-768x471.png 768w, https:\/\/dock-2.de\/wp-content\/uploads\/2021\/08\/Karte-Dock2-1500x920.png 1500w, https:\/\/dock-2.de\/wp-content\/uploads\/2021\/08\/Karte-Dock2-705x432.png 705w, https:\/\/dock-2.de\/wp-content\/uploads\/2021\/08\/Karte-Dock2.png 1512w\" sizes=\"(max-width: 1030px) 100vw, 1030px\" \/><\/a><\/div><\/div><\/div><br \/>\n\n<style type=\"text\/css\" id=\"style-css-av-888631-5fd7aad66ecfc2fac4db406d569f513f\">\n.hr.av-888631-5fd7aad66ecfc2fac4db406d569f513f{\nheight:50px;\n}\n<\/style>\n<div  class='hr av-888631-5fd7aad66ecfc2fac4db406d569f513f hr-invisible  avia-builder-el-19  el_after_av_image  avia-builder-el-last  '><span class='hr-inner '><span class=\"hr-inner-style\"><\/span><\/span><\/div><\/p><\/div>\n<style type=\"text\/css\" id=\"style-css-av-5qcsbh-8f196f8980a5afe080635bfb97f6cdb2\">\n#top .flex_column.av-5qcsbh-8f196f8980a5afe080635bfb97f6cdb2{\nborder-radius:0px;\n-webkit-border-radius:0px;\n-moz-border-radius:0px;\npadding:0px;\n}\n<\/style>\n<div class='flex_column av-5qcsbh-8f196f8980a5afe080635bfb97f6cdb2 av_one_half  avia-builder-el-20  el_after_av_one_half  avia-builder-el-last  flex_column_div av-zero-column-padding column-top-margin'   ><p><section class=\"av_textblock_section \"  itemscope=\"itemscope\" itemtype=\"https:\/\/schema.org\/CreativeWork\" ><div class='avia_textblock  av_inherit_color '   itemprop=\"text\" ><p><strong>DOCK2<\/strong><br \/>\nHafenstr. 1<br \/>\nD-51063 K\u00f6ln<br \/>\nPhone: <a href=\"tel:02218889280\">+49 (0) 221 888928-0<\/a><br \/>\nEmail: <a href=\"mailto:info@dock-2.de\">info@dock-2.de<\/a><\/p>\n<\/div><\/section><br \/>\n<section class=\"av_textblock_section \"  itemscope=\"itemscope\" itemtype=\"https:\/\/schema.org\/CreativeWork\" ><div class='avia_textblock  av_inherit_color '  style='color:#b41e2f; '  itemprop=\"text\" ><p><a href=\"https:\/\/www.google.de\/maps\/dir\/\/The+New+Yorker+%7C+DOCK.ONE,+Hafenstra%C3%9Fe+1+%2F+Auenweg,+51063+K%C3%B6ln\/@50.9553798,6.9550527,13z\/data=!4m8!4m7!1m0!1m5!1m1!1s0x47bf25e41b7d11e5:0xaec3918762721da6!2m2!1d6.990072!2d50.955331\" target=\"_blank\" rel=\"noopener\">ARRIVAL<\/a><\/p>\n<\/div><\/section><\/p><\/div>\n<\/p>\n","protected":false},"excerpt":{"rendered":"","protected":false},"author":1,"featured_media":0,"parent":0,"menu_order":0,"comment_status":"closed","ping_status":"closed","template":"","meta":{"footnotes":""},"class_list":["post-7469","page","type-page","status-publish","hentry"],"yoast_head":"<!-- This site is optimized with the Yoast SEO plugin v27.5 - https:\/\/yoast.com\/product\/yoast-seo-wordpress\/ -->\n<title>The imprint of Dock\u00b2 in Cologne<\/title>\n<meta name=\"description\" content=\"In the imprint you will find important legal information about our company | Dock\u00b2 in Cologne-M\u00fclheim.\" \/>\n<meta name=\"robots\" content=\"index, follow, max-snippet:-1, max-image-preview:large, max-video-preview:-1\" \/>\n<link rel=\"canonical\" href=\"https:\/\/dock-2.de\/en\/imprint\/\" \/>\n<meta property=\"og:locale\" content=\"en_US\" \/>\n<meta property=\"og:type\" content=\"article\" \/>\n<meta property=\"og:title\" content=\"The imprint of Dock\u00b2 in Cologne\" \/>\n<meta property=\"og:description\" content=\"In the imprint you will find important legal information about our company | Dock\u00b2 in Cologne-M\u00fclheim.\" \/>\n<meta property=\"og:url\" content=\"https:\/\/dock-2.de\/en\/imprint\/\" \/>\n<meta property=\"og:site_name\" content=\"The Dock\u00b2 in Cologne-M\u00fchlheim\" \/>\n<meta property=\"article:publisher\" content=\"https:\/\/www.facebook.com\/Dock-2-101438638856374\" \/>\n<meta property=\"article:modified_time\" content=\"2021-09-20T07:34:22+00:00\" \/>\n<meta property=\"og:image\" content=\"https:\/\/dock-2.de\/wp-content\/uploads\/2021\/08\/Dock2_001_bearbeitet.jpg\" \/>\n\t<meta property=\"og:image:width\" content=\"1200\" \/>\n\t<meta property=\"og:image:height\" content=\"800\" \/>\n\t<meta property=\"og:image:type\" content=\"image\/jpeg\" \/>\n<meta name=\"twitter:card\" content=\"summary_large_image\" \/>\n<meta name=\"twitter:title\" content=\"The imprint of Dock\u00b2 in Cologne\" \/>\n<meta name=\"twitter:description\" content=\"In the imprint you will find important legal information about our company | Dock\u00b2 in Cologne-M\u00fclheim.\" \/>\n<meta name=\"twitter:label1\" content=\"Est. reading time\" \/>\n\t<meta name=\"twitter:data1\" content=\"6 minutes\" \/>\n<script type=\"application\/ld+json\" class=\"yoast-schema-graph\">{\"@context\":\"https:\\\/\\\/schema.org\",\"@graph\":[{\"@type\":\"WebPage\",\"@id\":\"https:\\\/\\\/dock-2.de\\\/en\\\/imprint\\\/\",\"url\":\"https:\\\/\\\/dock-2.de\\\/en\\\/imprint\\\/\",\"name\":\"The imprint of Dock\u00b2 in Cologne\",\"isPartOf\":{\"@id\":\"https:\\\/\\\/dock-2.de\\\/#website\"},\"datePublished\":\"2019-06-25T14:42:57+00:00\",\"dateModified\":\"2021-09-20T07:34:22+00:00\",\"description\":\"In the imprint you will find important legal information about our company | Dock\u00b2 in Cologne-M\u00fclheim.\",\"breadcrumb\":{\"@id\":\"https:\\\/\\\/dock-2.de\\\/en\\\/imprint\\\/#breadcrumb\"},\"inLanguage\":\"en-US\",\"potentialAction\":[{\"@type\":\"ReadAction\",\"target\":[\"https:\\\/\\\/dock-2.de\\\/en\\\/imprint\\\/\"]}]},{\"@type\":\"BreadcrumbList\",\"@id\":\"https:\\\/\\\/dock-2.de\\\/en\\\/imprint\\\/#breadcrumb\",\"itemListElement\":[{\"@type\":\"ListItem\",\"position\":1,\"name\":\"Startseite\",\"item\":\"https:\\\/\\\/dock-2.de\\\/en\\\/homepage\\\/\"},{\"@type\":\"ListItem\",\"position\":2,\"name\":\"Imprint\"}]},{\"@type\":\"WebSite\",\"@id\":\"https:\\\/\\\/dock-2.de\\\/#website\",\"url\":\"https:\\\/\\\/dock-2.de\\\/\",\"name\":\"Das Dock\u00b2 in K\u00f6ln-M\u00fchlheim\",\"description\":\"Your location for hybrid events\",\"publisher\":{\"@id\":\"https:\\\/\\\/dock-2.de\\\/#organization\"},\"potentialAction\":[{\"@type\":\"SearchAction\",\"target\":{\"@type\":\"EntryPoint\",\"urlTemplate\":\"https:\\\/\\\/dock-2.de\\\/?s={search_term_string}\"},\"query-input\":{\"@type\":\"PropertyValueSpecification\",\"valueRequired\":true,\"valueName\":\"search_term_string\"}}],\"inLanguage\":\"en-US\"},{\"@type\":\"Organization\",\"@id\":\"https:\\\/\\\/dock-2.de\\\/#organization\",\"name\":\"Dock\u00b2 hybrid location\",\"url\":\"https:\\\/\\\/dock-2.de\\\/\",\"logo\":{\"@type\":\"ImageObject\",\"inLanguage\":\"en-US\",\"@id\":\"https:\\\/\\\/dock-2.de\\\/#\\\/schema\\\/logo\\\/image\\\/\",\"url\":\"https:\\\/\\\/dock-2.de\\\/wp-content\\\/uploads\\\/2021\\\/07\\\/Dock2.png\",\"contentUrl\":\"https:\\\/\\\/dock-2.de\\\/wp-content\\\/uploads\\\/2021\\\/07\\\/Dock2.png\",\"width\":2480,\"height\":1023,\"caption\":\"Dock\u00b2 hybrid location\"},\"image\":{\"@id\":\"https:\\\/\\\/dock-2.de\\\/#\\\/schema\\\/logo\\\/image\\\/\"},\"sameAs\":[\"https:\\\/\\\/www.facebook.com\\\/Dock-2-101438638856374\",\"https:\\\/\\\/www.linkedin.com\\\/company\\\/79618074\"]}]}<\/script>\n<!-- \/ Yoast SEO plugin. -->","yoast_head_json":{"title":"The imprint of Dock\u00b2 in Cologne","description":"In the imprint you will find important legal information about our company | Dock\u00b2 in Cologne-M\u00fclheim.","robots":{"index":"index","follow":"follow","max-snippet":"max-snippet:-1","max-image-preview":"max-image-preview:large","max-video-preview":"max-video-preview:-1"},"canonical":"https:\/\/dock-2.de\/en\/imprint\/","og_locale":"en_US","og_type":"article","og_title":"The imprint of Dock\u00b2 in Cologne","og_description":"In the imprint you will find important legal information about our company | Dock\u00b2 in Cologne-M\u00fclheim.","og_url":"https:\/\/dock-2.de\/en\/imprint\/","og_site_name":"The Dock\u00b2 in Cologne-M\u00fchlheim","article_publisher":"https:\/\/www.facebook.com\/Dock-2-101438638856374","article_modified_time":"2021-09-20T07:34:22+00:00","og_image":[{"width":1200,"height":800,"url":"https:\/\/dock-2.de\/wp-content\/uploads\/2021\/08\/Dock2_001_bearbeitet.jpg","type":"image\/jpeg"}],"twitter_card":"summary_large_image","twitter_title":"The imprint of Dock\u00b2 in Cologne","twitter_description":"In the imprint you will find important legal information about our company | Dock\u00b2 in Cologne-M\u00fclheim.","twitter_misc":{"Est. reading time":"6 minutes"},"schema":{"@context":"https:\/\/schema.org","@graph":[{"@type":"WebPage","@id":"https:\/\/dock-2.de\/en\/imprint\/","url":"https:\/\/dock-2.de\/en\/imprint\/","name":"The imprint of Dock\u00b2 in Cologne","isPartOf":{"@id":"https:\/\/dock-2.de\/#website"},"datePublished":"2019-06-25T14:42:57+00:00","dateModified":"2021-09-20T07:34:22+00:00","description":"In the imprint you will find important legal information about our company | Dock\u00b2 in Cologne-M\u00fclheim.","breadcrumb":{"@id":"https:\/\/dock-2.de\/en\/imprint\/#breadcrumb"},"inLanguage":"en-US","potentialAction":[{"@type":"ReadAction","target":["https:\/\/dock-2.de\/en\/imprint\/"]}]},{"@type":"BreadcrumbList","@id":"https:\/\/dock-2.de\/en\/imprint\/#breadcrumb","itemListElement":[{"@type":"ListItem","position":1,"name":"Startseite","item":"https:\/\/dock-2.de\/en\/homepage\/"},{"@type":"ListItem","position":2,"name":"Imprint"}]},{"@type":"WebSite","@id":"https:\/\/dock-2.de\/#website","url":"https:\/\/dock-2.de\/","name":"Das Dock\u00b2 in K\u00f6ln-M\u00fchlheim","description":"Your location for hybrid events","publisher":{"@id":"https:\/\/dock-2.de\/#organization"},"potentialAction":[{"@type":"SearchAction","target":{"@type":"EntryPoint","urlTemplate":"https:\/\/dock-2.de\/?s={search_term_string}"},"query-input":{"@type":"PropertyValueSpecification","valueRequired":true,"valueName":"search_term_string"}}],"inLanguage":"en-US"},{"@type":"Organization","@id":"https:\/\/dock-2.de\/#organization","name":"Dock\u00b2 hybrid location","url":"https:\/\/dock-2.de\/","logo":{"@type":"ImageObject","inLanguage":"en-US","@id":"https:\/\/dock-2.de\/#\/schema\/logo\/image\/","url":"https:\/\/dock-2.de\/wp-content\/uploads\/2021\/07\/Dock2.png","contentUrl":"https:\/\/dock-2.de\/wp-content\/uploads\/2021\/07\/Dock2.png","width":2480,"height":1023,"caption":"Dock\u00b2 hybrid location"},"image":{"@id":"https:\/\/dock-2.de\/#\/schema\/logo\/image\/"},"sameAs":["https:\/\/www.facebook.com\/Dock-2-101438638856374","https:\/\/www.linkedin.com\/company\/79618074"]}]}},"_links":{"self":[{"href":"https:\/\/dock-2.de\/en\/wp-json\/wp\/v2\/pages\/7469","targetHints":{"allow":["GET"]}}],"collection":[{"href":"https:\/\/dock-2.de\/en\/wp-json\/wp\/v2\/pages"}],"about":[{"href":"https:\/\/dock-2.de\/en\/wp-json\/wp\/v2\/types\/page"}],"author":[{"embeddable":true,"href":"https:\/\/dock-2.de\/en\/wp-json\/wp\/v2\/users\/1"}],"replies":[{"embeddable":true,"href":"https:\/\/dock-2.de\/en\/wp-json\/wp\/v2\/comments?post=7469"}],"version-history":[{"count":4,"href":"https:\/\/dock-2.de\/en\/wp-json\/wp\/v2\/pages\/7469\/revisions"}],"predecessor-version":[{"id":7555,"href":"https:\/\/dock-2.de\/en\/wp-json\/wp\/v2\/pages\/7469\/revisions\/7555"}],"wp:attachment":[{"href":"https:\/\/dock-2.de\/en\/wp-json\/wp\/v2\/media?parent=7469"}],"curies":[{"name":"wp","href":"https:\/\/api.w.org\/{rel}","templated":true}]}}